{"id":26,"date":"2014-03-18T19:25:55","date_gmt":"2014-03-18T17:25:55","guid":{"rendered":"http:\/\/www.twupack.it\/?page_id=26"},"modified":"2017-08-29T14:41:16","modified_gmt":"2017-08-29T12:41:16","slug":"webdesign","status":"publish","type":"page","link":"http:\/\/www.twupack.it\/?page_id=26","title":{"rendered":"Webdesign"},"content":{"rendered":"<hr \/>\n<h3><span style=\"color: #ff9900;\">Eine Internetpr\u00e4sentation ist das Aush\u00e4ngeschild der Firma im Internet. Sie bietet sehr gute M\u00f6glichkeiten um neue Kontakte zu kn\u00fcpfen, neue Kunden zu gewinnen oder bereits bestehenden Kunden neue Leistungen oder Produkte nahe zu bringen.<\/span><\/h3>\n<hr \/>\n<h4><span style=\"color: #ffff00;\"><strong>M\u00f6chten Sie Ihr Unternehmen vorstellen?<\/strong><\/span><\/h4>\n<p>Fr\u00fcher hat der Eintrag im Branchentelefonbuch gen\u00fcgt, heute sucht der Kunde mehr Informationen. Er erwartet von Ihnen, dass Sie ihn informieren, gut, schnell und umfassend und das alles optisch ansprechend, funktionell und \u00fcbersichtlich aufbereitet.<\/p>\n<p>Damit Ihr Angebot in bestm\u00f6glicher Optik und Funktionalit\u00e4t erscheint und von Interessenten auch gefunden wird, sollten Ihre Seiten neben dem interessanten Inhalt auch einige andere Merkmale aufweisen:<\/p>\n<ul>\n<li>ansprechendes, zielgruppenorientiertes Design im Einklang mit vorhandenen Werbemitteln<\/li>\n<li>klare und \u00fcbersichtliche Strukturierung der Seiten<\/li>\n<li>kurze Ladezeiten<\/li>\n<li>Unterst\u00fctzung aller g\u00e4ngigen Browser<\/li>\n<li>Unterst\u00fctzung aller g\u00e4ngigen Bildschirmaufl\u00f6sungen<\/li>\n<li>dem Inhalt entsprechende Optimierung f\u00fcr Suchmaschinen.<\/li>\n<\/ul>\n<h4><span style=\"color: #ffff00;\"><strong>Sie m\u00f6chten auch Ihre Firma, Ihr Angebot im Internet pr\u00e4sentieren?<\/strong><\/span><\/p>\n<p>Oder haben Sie bereits eine Website, deren \u00dcberarbeitung ansteht? Dann <a href=\"mailto:firma.twupack@twupack.it\" target=\"_blank\">kontaktieren Sie uns<\/a> und lassen sich von uns beraten!<\/h4>\n<h4><strong><span style=\"color: #ffff00;\">Unsere Leistungen im \u00dcberblick<\/span><br \/>\n<\/strong><\/h4>\n<ul>\n<li>Erstellung und Betreuung von Internetseiten<\/li>\n<li>Erstellung von Firmenpr\u00e4sentationen<\/li>\n<li>Erstellung von Intros (Flashanimationen)<\/li>\n<li>Internet-Shops und Internet-Portale<\/li>\n<\/ul>\n<ul>\n<li>Layoutgestaltung, Bildbearbeitung<\/li>\n<li>Entwicklung und Erstellung von dynamischen Websites<\/li>\n<li>Projektplanung f\u00fcr Webseiten<\/li>\n<\/ul>\n<ul>\n<li>Optimierung bestehender Internetauftritte<\/li>\n<li>Suchmaschinen-Optimierung von Internetauftritten<\/li>\n<li>Test und Analyse von Webseiten<\/li>\n<\/ul>\n","protected":false},"excerpt":{"rendered":"<p>Eine Internetpr\u00e4sentation ist das Aush\u00e4ngeschild der Firma im Internet. Sie bietet sehr gute M\u00f6glichkeiten um neue Kontakte zu kn\u00fcpfen, neue Kunden zu gewinnen oder bereits bestehenden Kunden neue Leistungen oder Produkte nahe zu bringen. M\u00f6chten Sie Ihr Unternehmen vorstellen? Fr\u00fcher [&hellip;]<\/p>\n","protected":false},"author":1,"featured_media":0,"parent":30,"menu_order":0,"comment_status":"open","ping_status":"open","template":"","meta":{"footnotes":""},"class_list":["post-26","page","type-page","status-publish","hentry"],"_links":{"self":[{"href":"http:\/\/www.twupack.it\/index.php?rest_route=\/wp\/v2\/pages\/26","targetHints":{"allow":["GET"]}}],"collection":[{"href":"http:\/\/www.twupack.it\/index.php?rest_route=\/wp\/v2\/pages"}],"about":[{"href":"http:\/\/www.twupack.it\/index.php?rest_route=\/wp\/v2\/types\/page"}],"author":[{"embeddable":true,"href":"http:\/\/www.twupack.it\/index.php?rest_route=\/wp\/v2\/users\/1"}],"replies":[{"embeddable":true,"href":"http:\/\/www.twupack.it\/index.php?rest_route=%2Fwp%2Fv2%2Fcomments&post=26"}],"version-history":[{"count":10,"href":"http:\/\/www.twupack.it\/index.php?rest_route=\/wp\/v2\/pages\/26\/revisions"}],"predecessor-version":[{"id":376,"href":"http:\/\/www.twupack.it\/index.php?rest_route=\/wp\/v2\/pages\/26\/revisions\/376"}],"up":[{"embeddable":true,"href":"http:\/\/www.twupack.it\/index.php?rest_route=\/wp\/v2\/pages\/30"}],"wp:attachment":[{"href":"http:\/\/www.twupack.it\/index.php?rest_route=%2Fwp%2Fv2%2Fmedia&parent=26"}],"curies":[{"name":"wp","href":"https:\/\/api.w.org\/{rel}","templated":true}]}}