{"id":232,"date":"2014-05-06T16:14:59","date_gmt":"2014-05-06T14:14:59","guid":{"rendered":"http:\/\/www.twupack.it\/?page_id=232"},"modified":"2025-02-12T14:12:44","modified_gmt":"2025-02-12T12:12:44","slug":"kontakt","status":"publish","type":"page","link":"http:\/\/www.twupack.it\/?page_id=232","title":{"rendered":"Kontakt"},"content":{"rendered":"<h4>Sie erreichen uns w\u00e4hrend unserer Gesch\u00e4ftszeiten!<\/h4>\n<p><span style=\"color: #ffff00;\"><b>Gesch\u00e4ftszeiten<\/b><\/span><br \/>\nMontag \u2013 Donnerstag von 08:00 bis 17:00 Uhr<br \/>\nFreitag von 08:00 bis 12:00 Uhr<br \/>\nDas B\u00fcro ist nicht durchg\u00e4ngig besetzt. Bitte vorher anrufen und Termin vereinbaren.<\/p>\n<p><strong><span style=\"color: #ffff00;\"> in den Gesch\u00e4ftsr\u00e4umen <\/span><\/strong><br \/>\nNonnenstra\u00dfe 5, in 02826 G\u00f6rlitz<\/p>\n<p style=\"padding-left: 30px;\"><span style=\"color: #ff9900;\"><strong><span style=\"text-decoration: underline;\">oder<\/span><\/strong><\/span><\/p>\n<p><span style=\"color: #ffff00;\"><strong>Telefon:<\/strong> <b>\u00a0\u00a0\u00a0 <\/b><\/span>+49 3581 750880<\/p>\n<p><b><span style=\"color: #ffff00;\">Telefax:<\/span> \u00a0\u00a0\u00a0\u00a0 <\/b>+49 3581 750881<\/p>\n<p><span style=\"color: #ffff00;\"><strong>Mobilfunk:\u00a0<\/strong> <\/span>+49 176 23155339<\/p>\n<p><span style=\"color: #ffff00;\"><b> E-Post: \u00a0\u00a0\u00a0\u00a0\u00a0\u00a0 <\/b><\/span>firma@twupack.it<\/p>\n<h4>F\u00fcr schnelle Anfragen nutzen Sie bitte folgendes Kontaktformular:<\/h4>\n<div role=\"form\" class=\"wpcf7\" id=\"wpcf7-f246-o1\" lang=\"de-DE\" dir=\"ltr\">\n<div class=\"screen-reader-response\"><\/div>\n<form action=\"\/index.php?rest_route=%2Fwp%2Fv2%2Fpages%2F232#wpcf7-f246-o1\" method=\"post\" class=\"wpcf7-form\" novalidate=\"novalidate\">\n<div style=\"display: none;\">\n<input type=\"hidden\" name=\"_wpcf7\" value=\"246\" \/>\n<input type=\"hidden\" name=\"_wpcf7_version\" value=\"4.3\" \/>\n<input type=\"hidden\" name=\"_wpcf7_locale\" value=\"de_DE\" \/>\n<input type=\"hidden\" name=\"_wpcf7_unit_tag\" value=\"wpcf7-f246-o1\" \/>\n<input type=\"hidden\" name=\"_wpnonce\" value=\"b3437cf478\" \/>\n<\/div>\n<p>Ihr Name (Pflichtfeld)<br \/>\n    <span class=\"wpcf7-form-control-wrap your-name\"><input type=\"text\" name=\"your-name\" value=\"\" size=\"40\" class=\"wpcf7-form-control wpcf7-text wpcf7-validates-as-required\" aria-required=\"true\" aria-invalid=\"false\" \/><\/span> <\/p>\n<p>Ihre E-Mail-Adresse (Pflichtfeld)<br \/>\n    <span class=\"wpcf7-form-control-wrap your-email\"><input type=\"email\" name=\"your-email\" value=\"\" size=\"40\" class=\"wpcf7-form-control wpcf7-text wpcf7-email wpcf7-validates-as-required wpcf7-validates-as-email\" aria-required=\"true\" aria-invalid=\"false\" \/><\/span> <\/p>\n<p>Betreff<br \/>\n    <span class=\"wpcf7-form-control-wrap your-subject\"><input type=\"text\" name=\"your-subject\" value=\"\" size=\"40\" class=\"wpcf7-form-control wpcf7-text\" aria-invalid=\"false\" \/><\/span> <\/p>\n<p>Ihre Nachricht<br \/>\n    <span class=\"wpcf7-form-control-wrap your-message\"><textarea name=\"your-message\" cols=\"40\" rows=\"10\" class=\"wpcf7-form-control wpcf7-textarea\" aria-invalid=\"false\"><\/textarea><\/span> <\/p>\n<p><input type=\"submit\" value=\"Senden\" class=\"wpcf7-form-control wpcf7-submit\" \/><\/p>\n<div class=\"wpcf7-response-output wpcf7-display-none\"><\/div><\/form><\/div>\n","protected":false},"excerpt":{"rendered":"<p>Sie erreichen uns w\u00e4hrend unserer Gesch\u00e4ftszeiten! Gesch\u00e4ftszeiten Montag \u2013 Donnerstag von 08:00 bis 17:00 Uhr Freitag von 08:00 bis 12:00 Uhr Das B\u00fcro ist nicht durchg\u00e4ngig besetzt. Bitte vorher anrufen und Termin vereinbaren. in den Gesch\u00e4ftsr\u00e4umen Nonnenstra\u00dfe 5, in 02826 [&hellip;]<\/p>\n","protected":false},"author":1,"featured_media":0,"parent":0,"menu_order":0,"comment_status":"closed","ping_status":"closed","template":"","meta":{"footnotes":""},"class_list":["post-232","page","type-page","status-publish","hentry"],"_links":{"self":[{"href":"http:\/\/www.twupack.it\/index.php?rest_route=\/wp\/v2\/pages\/232","targetHints":{"allow":["GET"]}}],"collection":[{"href":"http:\/\/www.twupack.it\/index.php?rest_route=\/wp\/v2\/pages"}],"about":[{"href":"http:\/\/www.twupack.it\/index.php?rest_route=\/wp\/v2\/types\/page"}],"author":[{"embeddable":true,"href":"http:\/\/www.twupack.it\/index.php?rest_route=\/wp\/v2\/users\/1"}],"replies":[{"embeddable":true,"href":"http:\/\/www.twupack.it\/index.php?rest_route=%2Fwp%2Fv2%2Fcomments&post=232"}],"version-history":[{"count":16,"href":"http:\/\/www.twupack.it\/index.php?rest_route=\/wp\/v2\/pages\/232\/revisions"}],"predecessor-version":[{"id":426,"href":"http:\/\/www.twupack.it\/index.php?rest_route=\/wp\/v2\/pages\/232\/revisions\/426"}],"wp:attachment":[{"href":"http:\/\/www.twupack.it\/index.php?rest_route=%2Fwp%2Fv2%2Fmedia&parent=232"}],"curies":[{"name":"wp","href":"https:\/\/api.w.org\/{rel}","templated":true}]}}