{"id":18,"date":"2014-03-18T19:16:14","date_gmt":"2014-03-18T17:16:14","guid":{"rendered":"http:\/\/www.twupack.it\/?page_id=18"},"modified":"2023-09-22T12:42:40","modified_gmt":"2023-09-22T10:42:40","slug":"mitarbeiter","status":"publish","type":"page","link":"http:\/\/www.twupack.it\/?page_id=18","title":{"rendered":"Mitarbeiter"},"content":{"rendered":"<h3><span style=\"color: #ffff00;\"><strong>Harald Twupack<\/strong><\/span><\/h3>\n<h4>Inhaber<\/h4>\n<p>Zust\u00e4ndig f\u00fcr:<\/p>\n<ul>\n<ul>\n<ul>\n<li>Auftragsaquise<\/li>\n<li>Unternehmenssteuerung<\/li>\n<li>Administration<\/li>\n<li>Netzwerke, Server, Hard- u. Software<\/li>\n<li>Video\u00fcberwachung<\/li>\n<li>Webhosting, Webdesign<\/li>\n<li>Telefon, DSL und Mobilfunkvertr\u00e4ge<\/li>\n<li>Dozent\/Ausbilder<\/li>\n<\/ul>\n<\/ul>\n<\/ul>\n<p>&nbsp;<\/p>\n<h3><span style=\"color: #ffff00;\"><strong>Mario Donath<\/strong><\/span><\/h3>\n<h4>Praktikant<\/h4>\n<p>Zust\u00e4ndig f\u00fcr:<\/p>\n<ul>\n<ul>\n<ul>\n<li>Server, mobiles Computing<\/li>\n<li>Video\u00fcberwachung<\/li>\n<li>Solartechnik<\/li>\n<li>Support<\/li>\n<ul>\n<ul>\n<ul>\n&nbsp;<\/p>\n<h3><span style=\"color: #ffff00;\"><strong>Kerstin Rauh<\/strong><\/span><\/h3>\n<h4>Assistentin der Gesch\u00e4ftsf\u00fchrung<\/h4>\n<p>Zust\u00e4ndig f\u00fcr:<\/p>\n<ul>\n<ul>\n<ul>\n<li>Organisatorisches f\u00fcr Unternehmen<\/li>\n<li>Schriftverkehr<\/li>\n<li>Webdesign<\/li>\n<li>Dozentin\/Ausbilderin\/Lehrerin<\/li>\n<\/ul>\n<\/ul>\n<\/ul>\n<p>&nbsp;<\/p>\n<h3><strong><span style=\"color: #ffff00;\">Cindy Friedrich<\/span><br \/>\n<\/strong><\/h3>\n<h4>Grafik-Designerin<\/h4>\n<p>Zust\u00e4ndig f\u00fcr:<\/p>\n<ul>\n<ul>\n<ul>\n<li>Webdesign<\/li>\n<li>Printmedien<\/li>\n<li>Kundenbetreuung<\/li>\n<\/ul>\n<\/ul>\n","protected":false},"excerpt":{"rendered":"<p>Harald Twupack Inhaber Zust\u00e4ndig f\u00fcr: Auftragsaquise Unternehmenssteuerung Administration Netzwerke, Server, Hard- u. Software Video\u00fcberwachung Webhosting, Webdesign Telefon, DSL und Mobilfunkvertr\u00e4ge Dozent\/Ausbilder &nbsp; Mario Donath Praktikant Zust\u00e4ndig f\u00fcr: Server, mobiles Computing Video\u00fcberwachung Solartechnik Support &nbsp; Kerstin Rauh Assistentin der Gesch\u00e4ftsf\u00fchrung Zust\u00e4ndig [&hellip;]<\/p>\n","protected":false},"author":1,"featured_media":0,"parent":0,"menu_order":0,"comment_status":"open","ping_status":"open","template":"","meta":{"footnotes":""},"class_list":["post-18","page","type-page","status-publish","hentry"],"_links":{"self":[{"href":"http:\/\/www.twupack.it\/index.php?rest_route=\/wp\/v2\/pages\/18","targetHints":{"allow":["GET"]}}],"collection":[{"href":"http:\/\/www.twupack.it\/index.php?rest_route=\/wp\/v2\/pages"}],"about":[{"href":"http:\/\/www.twupack.it\/index.php?rest_route=\/wp\/v2\/types\/page"}],"author":[{"embeddable":true,"href":"http:\/\/www.twupack.it\/index.php?rest_route=\/wp\/v2\/users\/1"}],"replies":[{"embeddable":true,"href":"http:\/\/www.twupack.it\/index.php?rest_route=%2Fwp%2Fv2%2Fcomments&post=18"}],"version-history":[{"count":31,"href":"http:\/\/www.twupack.it\/index.php?rest_route=\/wp\/v2\/pages\/18\/revisions"}],"predecessor-version":[{"id":410,"href":"http:\/\/www.twupack.it\/index.php?rest_route=\/wp\/v2\/pages\/18\/revisions\/410"}],"wp:attachment":[{"href":"http:\/\/www.twupack.it\/index.php?rest_route=%2Fwp%2Fv2%2Fmedia&parent=18"}],"curies":[{"name":"wp","href":"https:\/\/api.w.org\/{rel}","templated":true}]}}