{"id":13,"date":"2014-03-18T18:39:04","date_gmt":"2014-03-18T16:39:04","guid":{"rendered":"http:\/\/www.twupack.it\/?page_id=13"},"modified":"2017-09-19T15:16:00","modified_gmt":"2017-09-19T13:16:00","slug":"anfahrt","status":"publish","type":"page","link":"http:\/\/www.twupack.it\/?page_id=13","title":{"rendered":"Anfahrt"},"content":{"rendered":"<p>twupack.it<br \/>\nNonnenstra\u00dfe 5<br \/>\nInnenstadt<br \/>\n02826 G\u00f6rlitz<\/p>\n<p>twupack.it ist ein IT-Unternehmen mit Niederlassung in <a href=\"http:\/\/www.goerlitz.de\" target=\"_blank\">G\u00f6rlitz<\/a>.<\/p>\n<p>G\u00f6rlitz ist Zipfelstadt, d. h. die \u00f6stlichste Stadt Deutschlands. Die Stadt liegt an der Lausitzer Nei\u00dfe, die die deutsch-polnischen Grenze bildet.<\/p>\n<p>Ca. ein F\u00fcnftel der Stadt liegt auf der polnischen Seite der Nei\u00dfe und hei\u00dft heute Zgorzelec. G\u00f6rlitz und seine polnische Nachbarstadt Zgorzelec haben zusammen rund 86.600 Einwohner, von denen 31.359 in Zgorzelec leben.<\/p>\n<p>&nbsp;<\/p>\n<h4><span style=\"color: #ffff00;\">So finden Sie uns:<\/span><\/h4>\n<p>Unsere Gesch\u00e4ftsr\u00e4ume liegen direkt im Zentrum der Europastadt G\u00f6rlitz.<\/p>\n<p>Orientierungspunkt f\u00fcr den Weg ist der Dicke Turm an der Elisabethstra\u00dfe, in G\u00f6rlitz.<\/p>\n<p>Anschlie\u00dfend gehen Sie die Steinstra\u00dfe (den Dicken Turm lassen Sie recht liegen), bis zur n\u00e4chsten Querstra\u00dfe (rechts), der Nonnenstra\u00dfe.<\/p>\n<p>&nbsp;<\/p>\n<p>&nbsp;<\/p>\n<p><script src=\"http:\/\/maps.google.com\/maps\/api\/js?sensor=false\" type=\"text\/javascript\"><\/script><\/p>\n<div style=\"overflow: hidden; height: 400px; width: 500px;\">\n<div id=\"gmap_canvas\" style=\"height: 400px; width: 500px;\"><\/div>\n<p><a id=\"get-map-data\" class=\"google-map-code\" href=\"http:\/\/maps-einbinden.com\">klicken fuer quelle<\/a> <a id=\"get-map-data\" class=\"google-map-code\" href=\"http:\/\/www.addlikebutton.net\">websites<\/a>\n<\/div>\n<p><script type=\"text\/javascript\">\/\/ <![CDATA[\nfunction init_map(){var myOptions = {zoom:15,center:new google.maps.LatLng(51.1542362,14.98791289999997),mapTypeId: google.maps.MapTypeId.ROADMAP};map = new google.maps.Map(document.getElementById(\"gmap_canvas\"), myOptions);marker = new google.maps.Marker({map: map,position: new google.maps.LatLng(51.1542362, 14.98791289999997)});infowindow = new google.maps.InfoWindow({content:\"<span style='height:auto !important; display:block; white-space:nowrap; overflow:hidden !important;'><strong style='font-weight:400;'>twupack.it<\/strong>\nNonnenstra&szlig;e 5\n02826  G&ouml;rlitz<\/span>\" });google.maps.event.addListener(marker, \"click\", function(){infowindow.open(map,marker);});}google.maps.event.addDomListener(window, 'load', init_map);\n\/\/ ]]><\/script><\/p>\n","protected":false},"excerpt":{"rendered":"<p>twupack.it Nonnenstra\u00dfe 5 Innenstadt 02826 G\u00f6rlitz twupack.it ist ein IT-Unternehmen mit Niederlassung in G\u00f6rlitz. G\u00f6rlitz ist Zipfelstadt, d. h. die \u00f6stlichste Stadt Deutschlands. Die Stadt liegt an der Lausitzer Nei\u00dfe, die die deutsch-polnischen Grenze bildet. Ca. ein F\u00fcnftel der Stadt [&hellip;]<\/p>\n","protected":false},"author":1,"featured_media":0,"parent":0,"menu_order":0,"comment_status":"open","ping_status":"open","template":"","meta":{"footnotes":""},"class_list":["post-13","page","type-page","status-publish","hentry"],"_links":{"self":[{"href":"http:\/\/www.twupack.it\/index.php?rest_route=\/wp\/v2\/pages\/13","targetHints":{"allow":["GET"]}}],"collection":[{"href":"http:\/\/www.twupack.it\/index.php?rest_route=\/wp\/v2\/pages"}],"about":[{"href":"http:\/\/www.twupack.it\/index.php?rest_route=\/wp\/v2\/types\/page"}],"author":[{"embeddable":true,"href":"http:\/\/www.twupack.it\/index.php?rest_route=\/wp\/v2\/users\/1"}],"replies":[{"embeddable":true,"href":"http:\/\/www.twupack.it\/index.php?rest_route=%2Fwp%2Fv2%2Fcomments&post=13"}],"version-history":[{"count":11,"href":"http:\/\/www.twupack.it\/index.php?rest_route=\/wp\/v2\/pages\/13\/revisions"}],"predecessor-version":[{"id":150,"href":"http:\/\/www.twupack.it\/index.php?rest_route=\/wp\/v2\/pages\/13\/revisions\/150"}],"wp:attachment":[{"href":"http:\/\/www.twupack.it\/index.php?rest_route=%2Fwp%2Fv2%2Fmedia&parent=13"}],"curies":[{"name":"wp","href":"https:\/\/api.w.org\/{rel}","templated":true}]}}