{"id":100,"date":"2014-04-07T17:59:13","date_gmt":"2014-04-07T15:59:13","guid":{"rendered":"http:\/\/www.twupack.it\/?page_id=100"},"modified":"2025-02-12T17:21:40","modified_gmt":"2025-02-12T15:21:40","slug":"startseite","status":"publish","type":"page","link":"http:\/\/www.twupack.it\/","title":{"rendered":"Herzlich Willkommen!"},"content":{"rendered":"<div id=\"metaslider-id-96\" style=\"max-width: 500px; margin: 0 auto;\" class=\"ml-slider-3-95-0 metaslider metaslider-nivo metaslider-96 ml-slider ms-theme-default\" role=\"region\" aria-roledescription=\"Slideshow\" aria-label=\"Startseite\">\n    <div id=\"metaslider_container_96\">\n        <div class='slider-wrapper theme-default'><div class='ribbon'><\/div><div id='metaslider_96' class='nivoSlider'><img loading=\"lazy\" decoding=\"async\" src=\"http:\/\/www.twupack.it\/wp-content\/uploads\/111.jpg\" height=\"200\" width=\"500\" data-caption=\"by Pascall Ballotin \/ Pixelio\" alt=\"\" class=\"slider-96 slide-123\" \/><img loading=\"lazy\" decoding=\"async\" src=\"http:\/\/www.twupack.it\/wp-content\/uploads\/12.jpg\" height=\"200\" width=\"500\" data-caption=\"by Berggeist 007 \/ Pixelio\" alt=\"\" class=\"slider-96 slide-124\" \/><img loading=\"lazy\" decoding=\"async\" src=\"http:\/\/www.twupack.it\/wp-content\/uploads\/10.de_.jpg\" height=\"200\" width=\"500\" data-caption=\"by Tim Reckmann \/ Pixelio\" alt=\"\" class=\"slider-96 slide-125\" \/><img loading=\"lazy\" decoding=\"async\" src=\"http:\/\/www.twupack.it\/wp-content\/uploads\/13.de_.jpg\" height=\"200\" width=\"500\" data-caption=\"by Rainer Sturm \/ Pixelio\" alt=\"\" class=\"slider-96 slide-148\" \/><img loading=\"lazy\" decoding=\"async\" src=\"http:\/\/www.twupack.it\/wp-content\/uploads\/14.jpg\" height=\"200\" width=\"500\" data-caption=\"by Oliver Moosdorf \/ Pixelio\" alt=\"\" class=\"slider-96 slide-149\" \/><\/div><\/div>\n        \n    <\/div>\n<\/div>\n<h4>Das Unternehmen twupack.it ist ein Unternehmen, welches in der IT-Branche, in der Bildungsbranche und in der Immobilienbranche t\u00e4tig ist.<\/h4>\n<h4>Unser Hauptgesch\u00e4ft ist die IT-Branche.<a href=\"http:\/\/www.twupack.it\/?page_id=363\"> <span style=\"color: #ffff99;\">[bitte hier klicken]<\/span><\/a><\/h4>\n<h5><strong>F\u00fcr schnelle und einfache Hilfe laden Sie unser <a href=\"http:\/\/twupack.systems\/sonstiges\/twupack_it_kundenmodul.exe\">Kundenmodul [hier klicken]<\/a>.<\/strong><\/h5>\n<h4 style=\"padding-left: 30px;\">Inhaber Harald Twupack<br \/>\nNonnenstra\u00dfe 5<br \/>\n02826 G\u00f6rlitz<\/h4>\n<h4 style=\"padding-left: 30px;\">Fon: +49 3581 750882<br \/>\nFax: +49 3581 750881<br \/>\nMobil: +176 23155339<br \/>\nfirma@twupack.it<br \/>\nwww.twupack.it<\/h4>\n","protected":false},"excerpt":{"rendered":"<p>Das Unternehmen twupack.it ist ein Unternehmen, welches in der IT-Branche, in der Bildungsbranche und in der Immobilienbranche t\u00e4tig ist. Unser Hauptgesch\u00e4ft ist die IT-Branche. [bitte hier klicken] F\u00fcr schnelle und einfache Hilfe laden Sie unser Kundenmodul [hier klicken]. Inhaber Harald [&hellip;]<\/p>\n","protected":false},"author":1,"featured_media":0,"parent":0,"menu_order":0,"comment_status":"closed","ping_status":"closed","template":"","meta":{"footnotes":""},"class_list":["post-100","page","type-page","status-publish","hentry"],"_links":{"self":[{"href":"http:\/\/www.twupack.it\/index.php?rest_route=\/wp\/v2\/pages\/100","targetHints":{"allow":["GET"]}}],"collection":[{"href":"http:\/\/www.twupack.it\/index.php?rest_route=\/wp\/v2\/pages"}],"about":[{"href":"http:\/\/www.twupack.it\/index.php?rest_route=\/wp\/v2\/types\/page"}],"author":[{"embeddable":true,"href":"http:\/\/www.twupack.it\/index.php?rest_route=\/wp\/v2\/users\/1"}],"replies":[{"embeddable":true,"href":"http:\/\/www.twupack.it\/index.php?rest_route=%2Fwp%2Fv2%2Fcomments&post=100"}],"version-history":[{"count":15,"href":"http:\/\/www.twupack.it\/index.php?rest_route=\/wp\/v2\/pages\/100\/revisions"}],"predecessor-version":[{"id":431,"href":"http:\/\/www.twupack.it\/index.php?rest_route=\/wp\/v2\/pages\/100\/revisions\/431"}],"wp:attachment":[{"href":"http:\/\/www.twupack.it\/index.php?rest_route=%2Fwp%2Fv2%2Fmedia&parent=100"}],"curies":[{"name":"wp","href":"https:\/\/api.w.org\/{rel}","templated":true}]}}